{"id":294,"date":"2024-07-22T23:42:22","date_gmt":"2024-07-22T23:42:22","guid":{"rendered":"https:\/\/confluenciademujeres.org\/?page_id=294"},"modified":"2024-07-23T00:55:40","modified_gmt":"2024-07-23T00:55:40","slug":"hola","status":"publish","type":"page","link":"https:\/\/confluenciademujeres.org\/","title":{"rendered":"Hola!"},"content":{"rendered":"\n<p>Te presentamos a la Confluencia de Mujeres para la Acci\u00f3n P\u00fablica, un espacio abierto de construcci\u00f3n pol\u00edtica de mujeres populares diversas, que buscamos la transformaci\u00f3n de la sociedad para conseguir la vida digna, alegre y en paz para todas las personas colombianas.<\/p>\n\n\n\n<p><strong>\u00daltimas publicaciones<\/strong><\/p>\n\n\n<ul class=\"wp-block-latest-posts__list is-grid columns-3 aligncenter wp-block-latest-posts\"><li><div class=\"wp-block-latest-posts__featured-image aligncenter\"><a href=\"https:\/\/confluenciademujeres.org\/index.php\/2026\/03\/09\/entretejer-economias-feministas-desde-las-experiencias-de-la-confluencia-de-mujeres\/\" aria-label=\"Entretejer econom\u00edas feministas desde las experiencias de la Confluencia de Mujeres\"><img loading=\"lazy\" decoding=\"async\" width=\"150\" height=\"150\" src=\"https:\/\/confluenciademujeres.org\/wp-content\/uploads\/2024\/11\/photo1633021966-4-150x150.jpeg\" class=\"attachment-thumbnail size-thumbnail wp-post-image\" alt=\"\" style=\"\" srcset=\"https:\/\/confluenciademujeres.org\/wp-content\/uploads\/2024\/11\/photo1633021966-4-150x150.jpeg 150w, https:\/\/confluenciademujeres.org\/wp-content\/uploads\/2024\/11\/photo1633021966-4-100x100.jpeg 100w\" sizes=\"auto, (max-width: 150px) 100vw, 150px\" \/><\/a><\/div><a class=\"wp-block-latest-posts__post-title\" href=\"https:\/\/confluenciademujeres.org\/index.php\/2026\/03\/09\/entretejer-economias-feministas-desde-las-experiencias-de-la-confluencia-de-mujeres\/\">Entretejer econom\u00edas feministas desde las experiencias de la Confluencia de Mujeres<\/a><\/li>\n<li><a class=\"wp-block-latest-posts__post-title\" href=\"https:\/\/confluenciademujeres.org\/index.php\/2026\/03\/09\/libro-entretejer-economias-feministas\/\">Libro: Entretejer econom\u00edas feministas<\/a><\/li>\n<li><div class=\"wp-block-latest-posts__featured-image aligncenter\"><a href=\"https:\/\/confluenciademujeres.org\/index.php\/2024\/11\/21\/celebracion-de-los-15-anos-de-la-confluencia-de-mujeres\/\" aria-label=\"Celebraci\u00f3n de los 15 a\u00f1os de la Confluencia de Mujeres\"><img loading=\"lazy\" decoding=\"async\" width=\"150\" height=\"150\" src=\"https:\/\/confluenciademujeres.org\/wp-content\/uploads\/2024\/11\/Logo-Conflu-150x150.png\" class=\"attachment-thumbnail size-thumbnail wp-post-image\" alt=\"Logo de la confluencia de Mujeres con indicaciones de la celebraci\u00f3n de los 15 a\u00f1os.\" style=\"\" srcset=\"https:\/\/confluenciademujeres.org\/wp-content\/uploads\/2024\/11\/Logo-Conflu-150x150.png 150w, https:\/\/confluenciademujeres.org\/wp-content\/uploads\/2024\/11\/Logo-Conflu-100x100.png 100w\" sizes=\"auto, (max-width: 150px) 100vw, 150px\" \/><\/a><\/div><a class=\"wp-block-latest-posts__post-title\" href=\"https:\/\/confluenciademujeres.org\/index.php\/2024\/11\/21\/celebracion-de-los-15-anos-de-la-confluencia-de-mujeres\/\">Celebraci\u00f3n de los 15 a\u00f1os de la Confluencia de Mujeres<\/a><\/li>\n<li><div class=\"wp-block-latest-posts__featured-image aligncenter\"><a href=\"https:\/\/confluenciademujeres.org\/index.php\/2024\/10\/30\/junte-latinoamericano\/\" aria-label=\"Junte Latinoamericano\"><img loading=\"lazy\" decoding=\"async\" width=\"150\" height=\"150\" src=\"https:\/\/confluenciademujeres.org\/wp-content\/uploads\/2024\/10\/Por-tada-libreta-150x150.jpg\" class=\"attachment-thumbnail size-thumbnail wp-post-image\" alt=\"\" style=\"\" srcset=\"https:\/\/confluenciademujeres.org\/wp-content\/uploads\/2024\/10\/Por-tada-libreta-150x150.jpg 150w, https:\/\/confluenciademujeres.org\/wp-content\/uploads\/2024\/10\/Por-tada-libreta-100x100.jpg 100w\" sizes=\"auto, (max-width: 150px) 100vw, 150px\" \/><\/a><\/div><a class=\"wp-block-latest-posts__post-title\" href=\"https:\/\/confluenciademujeres.org\/index.php\/2024\/10\/30\/junte-latinoamericano\/\">Junte Latinoamericano<\/a><\/li>\n<li><div class=\"wp-block-latest-posts__featured-image aligncenter\"><a href=\"https:\/\/confluenciademujeres.org\/index.php\/2024\/07\/22\/defensa-de-la-naturaleza-y-el-territorio\/\" aria-label=\"Defensa de la naturaleza y el territorio\"><img loading=\"lazy\" decoding=\"async\" width=\"150\" height=\"150\" src=\"https:\/\/confluenciademujeres.org\/wp-content\/uploads\/2024\/07\/defensa-cuerpo-territorio-150x150.jpg\" class=\"attachment-thumbnail size-thumbnail wp-post-image\" alt=\"\" style=\"\" srcset=\"https:\/\/confluenciademujeres.org\/wp-content\/uploads\/2024\/07\/defensa-cuerpo-territorio-150x150.jpg 150w, https:\/\/confluenciademujeres.org\/wp-content\/uploads\/2024\/07\/defensa-cuerpo-territorio-100x100.jpg 100w\" sizes=\"auto, (max-width: 150px) 100vw, 150px\" \/><\/a><\/div><a class=\"wp-block-latest-posts__post-title\" href=\"https:\/\/confluenciademujeres.org\/index.php\/2024\/07\/22\/defensa-de-la-naturaleza-y-el-territorio\/\">Defensa de la naturaleza y el territorio<\/a><\/li>\n<li><div class=\"wp-block-latest-posts__featured-image aligncenter\"><a href=\"https:\/\/confluenciademujeres.org\/index.php\/2024\/07\/22\/disputa-ideologica-desde-el-feminismo-popular\/\" aria-label=\"Disputa ideol\u00f3gica desde el feminismo popular\"><img loading=\"lazy\" decoding=\"async\" width=\"150\" height=\"150\" src=\"https:\/\/confluenciademujeres.org\/wp-content\/uploads\/2024\/07\/disputa-ideologica-2-150x150.jpg\" class=\"attachment-thumbnail size-thumbnail wp-post-image\" alt=\"\" style=\"\" srcset=\"https:\/\/confluenciademujeres.org\/wp-content\/uploads\/2024\/07\/disputa-ideologica-2-150x150.jpg 150w, https:\/\/confluenciademujeres.org\/wp-content\/uploads\/2024\/07\/disputa-ideologica-2-100x100.jpg 100w\" sizes=\"auto, (max-width: 150px) 100vw, 150px\" \/><\/a><\/div><a class=\"wp-block-latest-posts__post-title\" href=\"https:\/\/confluenciademujeres.org\/index.php\/2024\/07\/22\/disputa-ideologica-desde-el-feminismo-popular\/\">Disputa ideol\u00f3gica desde el feminismo popular<\/a><\/li>\n<\/ul>","protected":false},"excerpt":{"rendered":"<p>Te presentamos a la Confluencia de Mujeres para la Acci\u00f3n P\u00fablica, un espacio abierto de construcci\u00f3n pol\u00edtica de mujeres populares diversas, que buscamos la transformaci\u00f3n de la sociedad para conseguir la vida digna, alegre y en paz para todas las personas colombianas. \u00daltimas publicaciones<\/p>\n","protected":false},"author":2,"featured_media":0,"parent":0,"menu_order":0,"comment_status":"closed","ping_status":"closed","template":"left-sidebar.php","meta":{"footnotes":""},"class_list":["post-294","page","type-page","status-publish","hentry"],"_links":{"self":[{"href":"https:\/\/confluenciademujeres.org\/index.php\/wp-json\/wp\/v2\/pages\/294","targetHints":{"allow":["GET"]}}],"collection":[{"href":"https:\/\/confluenciademujeres.org\/index.php\/wp-json\/wp\/v2\/pages"}],"about":[{"href":"https:\/\/confluenciademujeres.org\/index.php\/wp-json\/wp\/v2\/types\/page"}],"author":[{"embeddable":true,"href":"https:\/\/confluenciademujeres.org\/index.php\/wp-json\/wp\/v2\/users\/2"}],"replies":[{"embeddable":true,"href":"https:\/\/confluenciademujeres.org\/index.php\/wp-json\/wp\/v2\/comments?post=294"}],"version-history":[{"count":6,"href":"https:\/\/confluenciademujeres.org\/index.php\/wp-json\/wp\/v2\/pages\/294\/revisions"}],"predecessor-version":[{"id":309,"href":"https:\/\/confluenciademujeres.org\/index.php\/wp-json\/wp\/v2\/pages\/294\/revisions\/309"}],"wp:attachment":[{"href":"https:\/\/confluenciademujeres.org\/index.php\/wp-json\/wp\/v2\/media?parent=294"}],"curies":[{"name":"wp","href":"https:\/\/api.w.org\/{rel}","templated":true}]}}